{"id":1600,"date":"2025-05-06T18:25:11","date_gmt":"2025-05-06T21:25:11","guid":{"rendered":"https:\/\/insidetecnologia.com\/?page_id=1600"},"modified":"2025-05-06T18:38:42","modified_gmt":"2025-05-06T21:38:42","slug":"checklist","status":"publish","type":"page","link":"https:\/\/insidetecnologia.com\/en\/checklist\/","title":{"rendered":""},"content":{"rendered":"<div data-tf-live=\"01JTKQ9Y43F57VASNYNX9H8MJQ\"><\/div><script src=\"\/\/embed.typeform.com\/next\/embed.js\"><\/script>","protected":false},"excerpt":{"rendered":"","protected":false},"author":1,"featured_media":0,"parent":0,"menu_order":0,"comment_status":"closed","ping_status":"closed","template":"elementor_header_footer","meta":{"_acf_changed":false,"content-type":"","_wp_convertkit_post_meta":{"form":"-1","landing_page":"0","tag":"0","restrict_content":"0"},"_joinchat":[],"footnotes":""},"class_list":["post-1600","page","type-page","status-publish","hentry"],"acf":[],"yoast_head":"<!-- This site is optimized with the Yoast SEO Premium plugin v22.5 (Yoast SEO v27.1.1) - https:\/\/yoast.com\/product\/yoast-seo-premium-wordpress\/ -->\n<title>Sua empresa est\u00e1 pronta para a Realidade Virtual? Confira aqui!<\/title>\n<meta name=\"robots\" content=\"index, follow, max-snippet:-1, max-image-preview:large, max-video-preview:-1\" \/>\n<link rel=\"canonical\" href=\"https:\/\/insidetecnologia.com\/en\/checklist\/\" \/>\n<meta property=\"og:locale\" content=\"en_US\" \/>\n<meta property=\"og:type\" content=\"article\" \/>\n<meta property=\"og:title\" content=\"Checklist de Prontid\u00e3o da Realidade Virtual\" \/>\n<meta property=\"og:url\" content=\"https:\/\/insidetecnologia.com\/en\/checklist\/\" \/>\n<meta property=\"og:site_name\" content=\"Inside Tecnologia - Solu\u00e7\u00f5es inovadoras em Realidade Virtual e Gamifica\u00e7\u00e3o\" \/>\n<meta property=\"article:modified_time\" content=\"2025-05-06T21:38:42+00:00\" \/>\n<meta name=\"twitter:card\" content=\"summary_large_image\" \/>\n<script type=\"application\/ld+json\" class=\"yoast-schema-graph\">{\"@context\":\"https:\/\/schema.org\",\"@graph\":[{\"@type\":\"WebPage\",\"@id\":\"https:\/\/insidetecnologia.com\/checklist\/\",\"url\":\"https:\/\/insidetecnologia.com\/checklist\/\",\"name\":\"Sua empresa est\u00e1 pronta para a Realidade Virtual? Confira aqui!\",\"isPartOf\":{\"@id\":\"https:\/\/insidetecnologia.com\/#website\"},\"datePublished\":\"2025-05-06T21:25:11+00:00\",\"dateModified\":\"2025-05-06T21:38:42+00:00\",\"inLanguage\":\"en-US\",\"potentialAction\":[{\"@type\":\"ReadAction\",\"target\":[\"https:\/\/insidetecnologia.com\/checklist\/\"]}]},{\"@type\":\"WebSite\",\"@id\":\"https:\/\/insidetecnologia.com\/#website\",\"url\":\"https:\/\/insidetecnologia.com\/\",\"name\":\"Inside Tecnologia - Solu\u00e7\u00f5es inovadoras em Realidade Virtual e Gamifica\u00e7\u00e3o\",\"description\":\"Empresa especialista em solu\u00e7\u00f5es criativas e inovadoras em Realidade Virtual e Gamifica\u00e7\u00e3o para aprimoramento do desempenho empresarial.\",\"publisher\":{\"@id\":\"https:\/\/insidetecnologia.com\/#organization\"},\"potentialAction\":[{\"@type\":\"SearchAction\",\"target\":{\"@type\":\"EntryPoint\",\"urlTemplate\":\"https:\/\/insidetecnologia.com\/?s={search_term_string}\"},\"query-input\":{\"@type\":\"PropertyValueSpecification\",\"valueRequired\":true,\"valueName\":\"search_term_string\"}}],\"inLanguage\":\"en-US\"},{\"@type\":[\"Organization\",\"Place\"],\"@id\":\"https:\/\/insidetecnologia.com\/#organization\",\"name\":\"Inside Tecnologia - Solu\u00e7\u00f5es inovadoras em Realidade Virtual e Gamifica\u00e7\u00e3o\",\"alternateName\":\"Inside Tecnologia - Realidade Virtual e Gamifica\u00e7\u00e3o\",\"url\":\"https:\/\/insidetecnologia.com\/\",\"logo\":{\"@id\":\"https:\/\/insidetecnologia.com\/checklist\/#local-main-organization-logo\"},\"image\":{\"@id\":\"https:\/\/insidetecnologia.com\/checklist\/#local-main-organization-logo\"},\"sameAs\":[\"https:\/\/www.instagram.com\/inside.tecnologia\/\"],\"description\":\"Empresa especialista em solu\u00e7\u00f5es criativas e inovadoras em Realidade Virtual e Gamifica\u00e7\u00e3o para aprimoramento do desempenho empresarial.\",\"telephone\":[],\"openingHoursSpecification\":[{\"@type\":\"OpeningHoursSpecification\",\"dayOfWeek\":[\"Sunday\",\"Monday\",\"Tuesday\",\"Wednesday\",\"Thursday\",\"Friday\",\"Saturday\"],\"opens\":\"09:00\",\"closes\":\"17:00\"}]},{\"@type\":\"ImageObject\",\"inLanguage\":\"en-US\",\"@id\":\"https:\/\/insidetecnologia.com\/checklist\/#local-main-organization-logo\",\"url\":\"https:\/\/insidetecnologia.com\/site\/wp-content\/uploads\/2020\/06\/icon_inside_original_t.png\",\"contentUrl\":\"https:\/\/insidetecnologia.com\/site\/wp-content\/uploads\/2020\/06\/icon_inside_original_t.png\",\"width\":512,\"height\":512,\"caption\":\"Inside Tecnologia - Solu\u00e7\u00f5es inovadoras em Realidade Virtual e Gamifica\u00e7\u00e3o\"}]}<\/script>\n<!-- \/ Yoast SEO Premium plugin. -->","yoast_head_json":{"title":"Sua empresa est\u00e1 pronta para a Realidade Virtual? Confira aqui!","robots":{"index":"index","follow":"follow","max-snippet":"max-snippet:-1","max-image-preview":"max-image-preview:large","max-video-preview":"max-video-preview:-1"},"canonical":"https:\/\/insidetecnologia.com\/en\/checklist\/","og_locale":"en_US","og_type":"article","og_title":"Checklist de Prontid\u00e3o da Realidade Virtual","og_url":"https:\/\/insidetecnologia.com\/en\/checklist\/","og_site_name":"Inside Tecnologia - Solu\u00e7\u00f5es inovadoras em Realidade Virtual e Gamifica\u00e7\u00e3o","article_modified_time":"2025-05-06T21:38:42+00:00","twitter_card":"summary_large_image","schema":{"@context":"https:\/\/schema.org","@graph":[{"@type":"WebPage","@id":"https:\/\/insidetecnologia.com\/checklist\/","url":"https:\/\/insidetecnologia.com\/checklist\/","name":"Sua empresa est\u00e1 pronta para a Realidade Virtual? Confira aqui!","isPartOf":{"@id":"https:\/\/insidetecnologia.com\/#website"},"datePublished":"2025-05-06T21:25:11+00:00","dateModified":"2025-05-06T21:38:42+00:00","inLanguage":"en-US","potentialAction":[{"@type":"ReadAction","target":["https:\/\/insidetecnologia.com\/checklist\/"]}]},{"@type":"WebSite","@id":"https:\/\/insidetecnologia.com\/#website","url":"https:\/\/insidetecnologia.com\/","name":"Inside Tecnologia - Solu\u00e7\u00f5es inovadoras em Realidade Virtual e Gamifica\u00e7\u00e3o","description":"Empresa especialista em solu\u00e7\u00f5es criativas e inovadoras em Realidade Virtual e Gamifica\u00e7\u00e3o para aprimoramento do desempenho empresarial.","publisher":{"@id":"https:\/\/insidetecnologia.com\/#organization"},"potentialAction":[{"@type":"SearchAction","target":{"@type":"EntryPoint","urlTemplate":"https:\/\/insidetecnologia.com\/?s={search_term_string}"},"query-input":{"@type":"PropertyValueSpecification","valueRequired":true,"valueName":"search_term_string"}}],"inLanguage":"en-US"},{"@type":["Organization","Place"],"@id":"https:\/\/insidetecnologia.com\/#organization","name":"Inside Tecnologia - Solu\u00e7\u00f5es inovadoras em Realidade Virtual e Gamifica\u00e7\u00e3o","alternateName":"Inside Tecnologia - Realidade Virtual e Gamifica\u00e7\u00e3o","url":"https:\/\/insidetecnologia.com\/","logo":{"@id":"https:\/\/insidetecnologia.com\/checklist\/#local-main-organization-logo"},"image":{"@id":"https:\/\/insidetecnologia.com\/checklist\/#local-main-organization-logo"},"sameAs":["https:\/\/www.instagram.com\/inside.tecnologia\/"],"description":"Empresa especialista em solu\u00e7\u00f5es criativas e inovadoras em Realidade Virtual e Gamifica\u00e7\u00e3o para aprimoramento do desempenho empresarial.","telephone":[],"openingHoursSpecification":[{"@type":"OpeningHoursSpecification","dayOfWeek":["Sunday","Monday","Tuesday","Wednesday","Thursday","Friday","Saturday"],"opens":"09:00","closes":"17:00"}]},{"@type":"ImageObject","inLanguage":"en-US","@id":"https:\/\/insidetecnologia.com\/checklist\/#local-main-organization-logo","url":"https:\/\/insidetecnologia.com\/site\/wp-content\/uploads\/2020\/06\/icon_inside_original_t.png","contentUrl":"https:\/\/insidetecnologia.com\/site\/wp-content\/uploads\/2020\/06\/icon_inside_original_t.png","width":512,"height":512,"caption":"Inside Tecnologia - Solu\u00e7\u00f5es inovadoras em Realidade Virtual e Gamifica\u00e7\u00e3o"}]}},"_links":{"self":[{"href":"https:\/\/insidetecnologia.com\/en\/wp-json\/wp\/v2\/pages\/1600","targetHints":{"allow":["GET"]}}],"collection":[{"href":"https:\/\/insidetecnologia.com\/en\/wp-json\/wp\/v2\/pages"}],"about":[{"href":"https:\/\/insidetecnologia.com\/en\/wp-json\/wp\/v2\/types\/page"}],"author":[{"embeddable":true,"href":"https:\/\/insidetecnologia.com\/en\/wp-json\/wp\/v2\/users\/1"}],"replies":[{"embeddable":true,"href":"https:\/\/insidetecnologia.com\/en\/wp-json\/wp\/v2\/comments?post=1600"}],"version-history":[{"count":1,"href":"https:\/\/insidetecnologia.com\/en\/wp-json\/wp\/v2\/pages\/1600\/revisions"}],"predecessor-version":[{"id":1602,"href":"https:\/\/insidetecnologia.com\/en\/wp-json\/wp\/v2\/pages\/1600\/revisions\/1602"}],"wp:attachment":[{"href":"https:\/\/insidetecnologia.com\/en\/wp-json\/wp\/v2\/media?parent=1600"}],"curies":[{"name":"wp","href":"https:\/\/api.w.org\/{rel}","templated":true}]}}