{"id":304,"date":"2021-12-09T18:41:55","date_gmt":"2021-12-09T21:41:55","guid":{"rendered":"https:\/\/insidetecnologia.com\/?page_id=304"},"modified":"2024-05-27T16:24:31","modified_gmt":"2024-05-27T19:24:31","slug":"contato","status":"publish","type":"page","link":"https:\/\/insidetecnologia.com\/en\/contact-us\/","title":{"rendered":"Contact Us"},"content":{"rendered":"<div data-elementor-type=\"wp-page\" data-elementor-id=\"304\" class=\"elementor elementor-304\" data-elementor-post-type=\"page\">\n\t\t\t\t\t\t<section class=\"elementor-section elementor-top-section elementor-element elementor-element-00d9088 elementor-section-boxed elementor-section-height-default elementor-section-height-default\" data-id=\"00d9088\" data-element_type=\"section\" data-e-type=\"section\" data-settings=\"{&quot;background_background&quot;:&quot;classic&quot;}\">\n\t\t\t\t\t\t<div class=\"elementor-container elementor-column-gap-default\">\n\t\t\t\t\t<div class=\"elementor-column elementor-col-100 elementor-top-column elementor-element elementor-element-d06d0ee\" data-id=\"d06d0ee\" data-element_type=\"column\" data-e-type=\"column\">\n\t\t\t<div class=\"elementor-widget-wrap elementor-element-populated\">\n\t\t\t\t\t\t\t<\/div>\n\t\t<\/div>\n\t\t\t\t\t<\/div>\n\t\t<\/section>\n\t\t\t\t<section class=\"elementor-section elementor-top-section elementor-element elementor-element-f557f5e elementor-section-boxed elementor-section-height-default elementor-section-height-default\" data-id=\"f557f5e\" data-element_type=\"section\" data-e-type=\"section\">\n\t\t\t\t\t\t<div class=\"elementor-container elementor-column-gap-default\">\n\t\t\t\t\t<div class=\"elementor-column elementor-col-50 elementor-top-column elementor-element elementor-element-dd30ff0\" data-id=\"dd30ff0\" data-element_type=\"column\" data-e-type=\"column\">\n\t\t\t<div class=\"elementor-widget-wrap elementor-element-populated\">\n\t\t\t\t\t\t<div class=\"elementor-element elementor-element-8a33bb3 elementor-button-align-stretch elementor-widget elementor-widget-form\" data-id=\"8a33bb3\" data-element_type=\"widget\" data-e-type=\"widget\" data-settings=\"{&quot;step_next_label&quot;:&quot;Next&quot;,&quot;step_previous_label&quot;:&quot;Previous&quot;,&quot;button_width&quot;:&quot;100&quot;,&quot;step_type&quot;:&quot;number_text&quot;,&quot;step_icon_shape&quot;:&quot;circle&quot;}\" data-widget_type=\"form.default\">\n\t\t\t\t<div class=\"elementor-widget-container\">\n\t\t\t\t\t\t\t<form class=\"elementor-form\" method=\"post\" id=\"formulario_contato\" name=\"Formul\u00e1rio de Contato\" action=\"\">\n\t\t\t<input type=\"hidden\" name=\"post_id\" value=\"304\"\/>\n\t\t\t<input type=\"hidden\" name=\"form_id\" value=\"8a33bb3\"\/>\n\t\t\t<input type=\"hidden\" name=\"referer_title\" value=\"Fale com a Inside Tecnologia - Solu\u00e7\u00f5es inovadoras em Realidade Virtual e Gamifica\u00e7\u00e3o\" \/>\n\n\t\t\t\t\t\t\t<input type=\"hidden\" name=\"queried_id\" value=\"304\"\/>\n\t\t\t\n\t\t\t<div class=\"elementor-form-fields-wrapper elementor-labels-\">\n\t\t\t\t\t\t\t\t<div class=\"elementor-field-type-text elementor-field-group elementor-column elementor-field-group-name elementor-col-100 elementor-field-required\">\n\t\t\t\t\t\t\t\t\t\t\t\t<label for=\"form-field-name\" class=\"elementor-field-label elementor-screen-only\">\n\t\t\t\t\t\t\t\tName\t\t\t\t\t\t\t<\/label>\n\t\t\t\t\t\t\t\t\t\t\t\t\t\t<input size=\"1\" type=\"text\" name=\"form_fields[name]\" id=\"form-field-name\" class=\"elementor-field elementor-size-sm  elementor-field-textual\" placeholder=\"Name\" required=\"required\" aria-required=\"true\">\n\t\t\t\t\t\t\t\t\t\t\t<\/div>\n\t\t\t\t\t\t\t\t<div class=\"elementor-field-type-tel elementor-field-group elementor-column elementor-field-group-email elementor-col-100 elementor-field-required\">\n\t\t\t\t\t\t\t\t\t\t\t\t<label for=\"form-field-email\" class=\"elementor-field-label elementor-screen-only\">\n\t\t\t\t\t\t\t\tPhone\t\t\t\t\t\t\t<\/label>\n\t\t\t\t\t\t\t\t<input size=\"1\" type=\"tel\" name=\"form_fields[email]\" id=\"form-field-email\" class=\"elementor-field elementor-size-sm  elementor-field-textual\" placeholder=\"Phone\" required=\"required\" aria-required=\"true\" pattern=\"[0-9()#&amp;+*-=.]+\" title=\"Only numbers and phone characters (#, -, *, etc) are accepted.\">\n\n\t\t\t\t\t\t<\/div>\n\t\t\t\t\t\t\t\t<div class=\"elementor-field-type-email elementor-field-group elementor-column elementor-field-group-email elementor-col-100 elementor-field-required\">\n\t\t\t\t\t\t\t\t\t\t\t\t<label for=\"form-field-email\" class=\"elementor-field-label elementor-screen-only\">\n\t\t\t\t\t\t\t\tEmail\t\t\t\t\t\t\t<\/label>\n\t\t\t\t\t\t\t\t\t\t\t\t\t\t<input size=\"1\" type=\"email\" name=\"form_fields[email]\" id=\"form-field-email\" class=\"elementor-field elementor-size-sm  elementor-field-textual\" placeholder=\"Email\" required=\"required\" aria-required=\"true\">\n\t\t\t\t\t\t\t\t\t\t\t<\/div>\n\t\t\t\t\t\t\t\t<div class=\"elementor-field-type-textarea elementor-field-group elementor-column elementor-field-group-message elementor-col-100 elementor-field-required\">\n\t\t\t\t\t\t\t\t\t\t\t\t<label for=\"form-field-message\" class=\"elementor-field-label elementor-screen-only\">\n\t\t\t\t\t\t\t\tMessage\t\t\t\t\t\t\t<\/label>\n\t\t\t\t\t\t<textarea class=\"elementor-field-textual elementor-field  elementor-size-sm\" name=\"form_fields[message]\" id=\"form-field-message\" rows=\"4\" placeholder=\"Message\" required=\"required\" aria-required=\"true\"><\/textarea>\t\t\t\t<\/div>\n\t\t\t\t\t\t\t\t<div class=\"elementor-field-type-recaptcha elementor-field-group elementor-column elementor-field-group-field_f0c3069 elementor-col-100\">\n\t\t\t\t\t<div class=\"elementor-field\" id=\"form-field-field_f0c3069\"><div class=\"elementor-g-recaptcha\" data-sitekey=\"6Lcn3ekpAAAAABNoR_vI42_BaRHRtE8R8F5P76lG\" data-type=\"v2_checkbox\" data-theme=\"light\" data-size=\"normal\"><\/div><\/div>\t\t\t\t<\/div>\n\t\t\t\t\t\t\t\t<div class=\"elementor-field-group elementor-column elementor-field-type-submit elementor-col-100 e-form__buttons\">\n\t\t\t\t\t<button class=\"elementor-button elementor-size-sm\" type=\"submit\">\n\t\t\t\t\t\t<span class=\"elementor-button-content-wrapper\">\n\t\t\t\t\t\t\t\t\t\t\t\t\t\t\t\t\t\t\t\t\t\t<span class=\"elementor-button-text\">Send<\/span>\n\t\t\t\t\t\t\t\t\t\t\t\t\t<\/span>\n\t\t\t\t\t<\/button>\n\t\t\t\t<\/div>\n\t\t\t<\/div>\n\t\t<input type=\"hidden\" name=\"trp-form-language\" value=\"en\"\/><\/form>\n\t\t\t\t\t\t<\/div>\n\t\t\t\t<\/div>\n\t\t\t\t\t<\/div>\n\t\t<\/div>\n\t\t\t\t<div class=\"elementor-column elementor-col-50 elementor-top-column elementor-element elementor-element-329724b\" data-id=\"329724b\" data-element_type=\"column\" data-e-type=\"column\">\n\t\t\t<div class=\"elementor-widget-wrap elementor-element-populated\">\n\t\t\t\t\t\t<div class=\"elementor-element elementor-element-7fa431d elementor-widget elementor-widget-google_maps\" data-id=\"7fa431d\" data-element_type=\"widget\" data-e-type=\"widget\" data-widget_type=\"google_maps.default\">\n\t\t\t\t<div class=\"elementor-widget-container\">\n\t\t\t\t\t\t\t<div class=\"elementor-custom-embed\">\n\t\t\t<iframe loading=\"lazy\"\n\t\t\t\t\tsrc=\"https:\/\/maps.google.com\/maps?q=Av.%20Carlos%20Gomes%20de%20S%C3%A1%2C%20335%20-%20Ed%20Plus%20Office%20-%20Mata%20da%20Praia%2C%20Vit%C3%B3ria%20-%20ES%2C%2029066-040&#038;t=m&#038;z=10&#038;output=embed&#038;iwloc=near\"\n\t\t\t\t\ttitle=\"Av. Carlos Gomes de S\u00e1, 335 - Ed Plus Office - Mata da Praia, Vit\u00f3ria - ES, 29066-040\"\n\t\t\t\t\taria-label=\"Av. Carlos Gomes de S\u00e1, 335 - Ed Plus Office - Mata da Praia, Vit\u00f3ria - ES, 29066-040\"\n\t\t\t><\/iframe>\n\t\t<\/div>\n\t\t\t\t\t\t<\/div>\n\t\t\t\t<\/div>\n\t\t\t\t\t<\/div>\n\t\t<\/div>\n\t\t\t\t\t<\/div>\n\t\t<\/section>\n\t\t\t\t<\/div>","protected":false},"excerpt":{"rendered":"<p>Entre em contato com a Inside Tecnologia para saber mais sobre nossas solu\u00e7\u00f5es em Realidade Virtual e Gamifica\u00e7\u00e3o. Estamos prontos para ajudar a transformar sua empresa. Fale conosco hoje!<\/p>","protected":false},"author":1,"featured_media":0,"parent":0,"menu_order":0,"comment_status":"closed","ping_status":"closed","template":"elementor_header_footer","meta":{"_acf_changed":false,"content-type":"","_joinchat":[],"footnotes":""},"class_list":["post-304","page","type-page","status-publish","hentry"],"acf":[],"yoast_head":"<!-- This site is optimized with the Yoast SEO Premium plugin v22.5 (Yoast SEO v27.1.1) - https:\/\/yoast.com\/product\/yoast-seo-premium-wordpress\/ -->\n<title>Fale com a Inside Tecnologia - Solu\u00e7\u00f5es inovadoras em Realidade Virtual e Gamifica\u00e7\u00e3o<\/title>\n<meta name=\"description\" content=\"Entre em contato com a Inside Tecnologia para saber mais sobre nossas solu\u00e7\u00f5es em Realidade Virtual e Gamifica\u00e7\u00e3o. Estamos prontos para ajudar a transformar sua empresa.\" \/>\n<meta name=\"robots\" content=\"index, follow, max-snippet:-1, max-image-preview:large, max-video-preview:-1\" \/>\n<link rel=\"canonical\" href=\"https:\/\/insidetecnologia.com\/en\/contact-us\/\" \/>\n<meta property=\"og:locale\" content=\"en_US\" \/>\n<meta property=\"og:type\" content=\"article\" \/>\n<meta property=\"og:title\" content=\"Fale com a Inside Tecnologia - Solu\u00e7\u00f5es inovadoras em Realidade Virtual e Gamifica\u00e7\u00e3o\" \/>\n<meta property=\"og:description\" content=\"Entre em contato com a Inside Tecnologia para saber mais sobre nossas solu\u00e7\u00f5es em Realidade Virtual e Gamifica\u00e7\u00e3o. Estamos prontos para ajudar a transformar sua empresa. Fale conosco hoje!\" \/>\n<meta property=\"og:url\" content=\"https:\/\/insidetecnologia.com\/en\/contact-us\/\" \/>\n<meta property=\"og:site_name\" content=\"Inside Tecnologia - Solu\u00e7\u00f5es inovadoras em Realidade Virtual e Gamifica\u00e7\u00e3o\" \/>\n<meta property=\"article:modified_time\" content=\"2024-05-27T19:24:31+00:00\" \/>\n<meta name=\"twitter:card\" content=\"summary_large_image\" \/>\n<meta name=\"twitter:title\" content=\"Fale com a Inside Tecnologia - Solu\u00e7\u00f5es inovadoras em Realidade Virtual e Gamifica\u00e7\u00e3o\" \/>\n<meta name=\"twitter:description\" content=\"Entre em contato com a Inside Tecnologia para saber mais sobre nossas solu\u00e7\u00f5es em Realidade Virtual e Gamifica\u00e7\u00e3o. Estamos prontos para ajudar a transformar sua empresa. Fale conosco hoje!\" \/>\n<meta name=\"twitter:label1\" content=\"Est. reading time\" \/>\n\t<meta name=\"twitter:data1\" content=\"1 minute\" \/>\n<script type=\"application\/ld+json\" class=\"yoast-schema-graph\">{\"@context\":\"https:\/\/schema.org\",\"@graph\":[{\"@type\":\"WebPage\",\"@id\":\"https:\/\/insidetecnologia.com\/contato\/\",\"url\":\"https:\/\/insidetecnologia.com\/contato\/\",\"name\":\"Fale com a Inside Tecnologia - Solu\u00e7\u00f5es inovadoras em Realidade Virtual e Gamifica\u00e7\u00e3o\",\"isPartOf\":{\"@id\":\"https:\/\/insidetecnologia.com\/#website\"},\"datePublished\":\"2021-12-09T21:41:55+00:00\",\"dateModified\":\"2024-05-27T19:24:31+00:00\",\"description\":\"Entre em contato com a Inside Tecnologia para saber mais sobre nossas solu\u00e7\u00f5es em Realidade Virtual e Gamifica\u00e7\u00e3o. Estamos prontos para ajudar a transformar sua empresa.\",\"breadcrumb\":{\"@id\":\"https:\/\/insidetecnologia.com\/contato\/#breadcrumb\"},\"inLanguage\":\"en-US\",\"potentialAction\":[{\"@type\":\"ReadAction\",\"target\":[\"https:\/\/insidetecnologia.com\/contato\/\"]}]},{\"@type\":\"BreadcrumbList\",\"@id\":\"https:\/\/insidetecnologia.com\/contato\/#breadcrumb\",\"itemListElement\":[{\"@type\":\"ListItem\",\"position\":1,\"name\":\"In\u00edcio\",\"item\":\"https:\/\/insidetecnologia.com\/\"},{\"@type\":\"ListItem\",\"position\":2,\"name\":\"Contato\"}]},{\"@type\":\"WebSite\",\"@id\":\"https:\/\/insidetecnologia.com\/#website\",\"url\":\"https:\/\/insidetecnologia.com\/\",\"name\":\"Inside Tecnologia - Solu\u00e7\u00f5es inovadoras em Realidade Virtual e Gamifica\u00e7\u00e3o\",\"description\":\"Empresa especialista em solu\u00e7\u00f5es criativas e inovadoras em Realidade Virtual e Gamifica\u00e7\u00e3o para aprimoramento do desempenho empresarial.\",\"publisher\":{\"@id\":\"https:\/\/insidetecnologia.com\/#organization\"},\"potentialAction\":[{\"@type\":\"SearchAction\",\"target\":{\"@type\":\"EntryPoint\",\"urlTemplate\":\"https:\/\/insidetecnologia.com\/?s={search_term_string}\"},\"query-input\":{\"@type\":\"PropertyValueSpecification\",\"valueRequired\":true,\"valueName\":\"search_term_string\"}}],\"inLanguage\":\"en-US\"},{\"@type\":[\"Organization\",\"Place\"],\"@id\":\"https:\/\/insidetecnologia.com\/#organization\",\"name\":\"Inside Tecnologia - Solu\u00e7\u00f5es inovadoras em Realidade Virtual e Gamifica\u00e7\u00e3o\",\"alternateName\":\"Inside Tecnologia - Realidade Virtual e Gamifica\u00e7\u00e3o\",\"url\":\"https:\/\/insidetecnologia.com\/\",\"logo\":{\"@id\":\"https:\/\/insidetecnologia.com\/contato\/#local-main-organization-logo\"},\"image\":{\"@id\":\"https:\/\/insidetecnologia.com\/contato\/#local-main-organization-logo\"},\"sameAs\":[\"https:\/\/www.instagram.com\/inside.tecnologia\/\"],\"description\":\"Empresa especialista em solu\u00e7\u00f5es criativas e inovadoras em Realidade Virtual e Gamifica\u00e7\u00e3o para aprimoramento do desempenho empresarial.\",\"telephone\":[],\"openingHoursSpecification\":[{\"@type\":\"OpeningHoursSpecification\",\"dayOfWeek\":[\"Sunday\",\"Monday\",\"Tuesday\",\"Wednesday\",\"Thursday\",\"Friday\",\"Saturday\"],\"opens\":\"09:00\",\"closes\":\"17:00\"}]},{\"@type\":\"ImageObject\",\"inLanguage\":\"en-US\",\"@id\":\"https:\/\/insidetecnologia.com\/contato\/#local-main-organization-logo\",\"url\":\"https:\/\/insidetecnologia.com\/site\/wp-content\/uploads\/2020\/06\/icon_inside_original_t.png\",\"contentUrl\":\"https:\/\/insidetecnologia.com\/site\/wp-content\/uploads\/2020\/06\/icon_inside_original_t.png\",\"width\":512,\"height\":512,\"caption\":\"Inside Tecnologia - Solu\u00e7\u00f5es inovadoras em Realidade Virtual e Gamifica\u00e7\u00e3o\"}]}<\/script>\n<!-- \/ Yoast SEO Premium plugin. -->","yoast_head_json":{"title":"Fale com a Inside Tecnologia - Solu\u00e7\u00f5es inovadoras em Realidade Virtual e Gamifica\u00e7\u00e3o","description":"Entre em contato com a Inside Tecnologia para saber mais sobre nossas solu\u00e7\u00f5es em Realidade Virtual e Gamifica\u00e7\u00e3o. Estamos prontos para ajudar a transformar sua empresa.","robots":{"index":"index","follow":"follow","max-snippet":"max-snippet:-1","max-image-preview":"max-image-preview:large","max-video-preview":"max-video-preview:-1"},"canonical":"https:\/\/insidetecnologia.com\/en\/contact-us\/","og_locale":"en_US","og_type":"article","og_title":"Fale com a Inside Tecnologia - Solu\u00e7\u00f5es inovadoras em Realidade Virtual e Gamifica\u00e7\u00e3o","og_description":"Entre em contato com a Inside Tecnologia para saber mais sobre nossas solu\u00e7\u00f5es em Realidade Virtual e Gamifica\u00e7\u00e3o. Estamos prontos para ajudar a transformar sua empresa. Fale conosco hoje!","og_url":"https:\/\/insidetecnologia.com\/en\/contact-us\/","og_site_name":"Inside Tecnologia - Solu\u00e7\u00f5es inovadoras em Realidade Virtual e Gamifica\u00e7\u00e3o","article_modified_time":"2024-05-27T19:24:31+00:00","twitter_card":"summary_large_image","twitter_title":"Fale com a Inside Tecnologia - Solu\u00e7\u00f5es inovadoras em Realidade Virtual e Gamifica\u00e7\u00e3o","twitter_description":"Entre em contato com a Inside Tecnologia para saber mais sobre nossas solu\u00e7\u00f5es em Realidade Virtual e Gamifica\u00e7\u00e3o. Estamos prontos para ajudar a transformar sua empresa. Fale conosco hoje!","twitter_misc":{"Est. reading time":"1 minute"},"schema":{"@context":"https:\/\/schema.org","@graph":[{"@type":"WebPage","@id":"https:\/\/insidetecnologia.com\/contato\/","url":"https:\/\/insidetecnologia.com\/contato\/","name":"Fale com a Inside Tecnologia - Solu\u00e7\u00f5es inovadoras em Realidade Virtual e Gamifica\u00e7\u00e3o","isPartOf":{"@id":"https:\/\/insidetecnologia.com\/#website"},"datePublished":"2021-12-09T21:41:55+00:00","dateModified":"2024-05-27T19:24:31+00:00","description":"Entre em contato com a Inside Tecnologia para saber mais sobre nossas solu\u00e7\u00f5es em Realidade Virtual e Gamifica\u00e7\u00e3o. Estamos prontos para ajudar a transformar sua empresa.","breadcrumb":{"@id":"https:\/\/insidetecnologia.com\/contato\/#breadcrumb"},"inLanguage":"en-US","potentialAction":[{"@type":"ReadAction","target":["https:\/\/insidetecnologia.com\/contato\/"]}]},{"@type":"BreadcrumbList","@id":"https:\/\/insidetecnologia.com\/contato\/#breadcrumb","itemListElement":[{"@type":"ListItem","position":1,"name":"In\u00edcio","item":"https:\/\/insidetecnologia.com\/"},{"@type":"ListItem","position":2,"name":"Contato"}]},{"@type":"WebSite","@id":"https:\/\/insidetecnologia.com\/#website","url":"https:\/\/insidetecnologia.com\/","name":"Inside Tecnologia - Solu\u00e7\u00f5es inovadoras em Realidade Virtual e Gamifica\u00e7\u00e3o","description":"Empresa especialista em solu\u00e7\u00f5es criativas e inovadoras em Realidade Virtual e Gamifica\u00e7\u00e3o para aprimoramento do desempenho empresarial.","publisher":{"@id":"https:\/\/insidetecnologia.com\/#organization"},"potentialAction":[{"@type":"SearchAction","target":{"@type":"EntryPoint","urlTemplate":"https:\/\/insidetecnologia.com\/?s={search_term_string}"},"query-input":{"@type":"PropertyValueSpecification","valueRequired":true,"valueName":"search_term_string"}}],"inLanguage":"en-US"},{"@type":["Organization","Place"],"@id":"https:\/\/insidetecnologia.com\/#organization","name":"Inside Tecnologia - Solu\u00e7\u00f5es inovadoras em Realidade Virtual e Gamifica\u00e7\u00e3o","alternateName":"Inside Tecnologia - Realidade Virtual e Gamifica\u00e7\u00e3o","url":"https:\/\/insidetecnologia.com\/","logo":{"@id":"https:\/\/insidetecnologia.com\/contato\/#local-main-organization-logo"},"image":{"@id":"https:\/\/insidetecnologia.com\/contato\/#local-main-organization-logo"},"sameAs":["https:\/\/www.instagram.com\/inside.tecnologia\/"],"description":"Empresa especialista em solu\u00e7\u00f5es criativas e inovadoras em Realidade Virtual e Gamifica\u00e7\u00e3o para aprimoramento do desempenho empresarial.","telephone":[],"openingHoursSpecification":[{"@type":"OpeningHoursSpecification","dayOfWeek":["Sunday","Monday","Tuesday","Wednesday","Thursday","Friday","Saturday"],"opens":"09:00","closes":"17:00"}]},{"@type":"ImageObject","inLanguage":"en-US","@id":"https:\/\/insidetecnologia.com\/contato\/#local-main-organization-logo","url":"https:\/\/insidetecnologia.com\/site\/wp-content\/uploads\/2020\/06\/icon_inside_original_t.png","contentUrl":"https:\/\/insidetecnologia.com\/site\/wp-content\/uploads\/2020\/06\/icon_inside_original_t.png","width":512,"height":512,"caption":"Inside Tecnologia - Solu\u00e7\u00f5es inovadoras em Realidade Virtual e Gamifica\u00e7\u00e3o"}]}},"_links":{"self":[{"href":"https:\/\/insidetecnologia.com\/en\/wp-json\/wp\/v2\/pages\/304","targetHints":{"allow":["GET"]}}],"collection":[{"href":"https:\/\/insidetecnologia.com\/en\/wp-json\/wp\/v2\/pages"}],"about":[{"href":"https:\/\/insidetecnologia.com\/en\/wp-json\/wp\/v2\/types\/page"}],"author":[{"embeddable":true,"href":"https:\/\/insidetecnologia.com\/en\/wp-json\/wp\/v2\/users\/1"}],"replies":[{"embeddable":true,"href":"https:\/\/insidetecnologia.com\/en\/wp-json\/wp\/v2\/comments?post=304"}],"version-history":[{"count":41,"href":"https:\/\/insidetecnologia.com\/en\/wp-json\/wp\/v2\/pages\/304\/revisions"}],"predecessor-version":[{"id":1294,"href":"https:\/\/insidetecnologia.com\/en\/wp-json\/wp\/v2\/pages\/304\/revisions\/1294"}],"wp:attachment":[{"href":"https:\/\/insidetecnologia.com\/en\/wp-json\/wp\/v2\/media?parent=304"}],"curies":[{"name":"wp","href":"https:\/\/api.w.org\/{rel}","templated":true}]}}