{"id":9,"date":"2020-06-05T20:57:33","date_gmt":"2020-06-05T23:57:33","guid":{"rendered":"http:\/\/wpress.insidetecnologia.com\/?page_id=9"},"modified":"2024-06-03T16:38:36","modified_gmt":"2024-06-03T19:38:36","slug":"realidade-virtual","status":"publish","type":"page","link":"https:\/\/insidetecnologia.com\/en\/virtual-reality-2\/","title":{"rendered":"Virtual Reality"},"content":{"rendered":"<p>Imagine carrying out high-risk training within a completely safe and controlled environment. With Virtual Reality, it is possible to create realistic simulations that allow your team to practice and improve skills without any physical risk.<\/p>\n\n\n\n<p>Our custom Virtual Reality solutions are designed to offer more effective ways to prepare your team for everyday challenges.<\/p>\n\n\n\n<h2 class=\"wp-block-heading\"><strong>Advantages of virtual reality<\/strong><\/h2>\n\n\n\n<p>The realistic sensation experienced during the Virtual Reality experience increases cognitive capacity, concentration, absorption and storage of information. Furthermore, our solutions provide several benefits:<\/p>\n\n\n\n<ul class=\"wp-block-list\">\n<li><strong>Enhances learning: <\/strong>Total immersion in the content makes it easier to understand and retain information.<\/li>\n\n\n\n<li><strong>Security:<\/strong> It allows simulations of dangerous or complex scenarios in a safe environment, reducing the risk of accidents.<\/li>\n\n\n\n<li><strong>Flexibility: <\/strong>Training can be adapted and repeated as many times as necessary, at any location and time.<\/li>\n\n\n\n<li><strong>Engagement: <\/strong>Interactivity and immersion promote a high level of engagement among participants, making learning more dynamic and interesting.<\/li>\n<\/ul>\n\n\n\n<h2 class=\"wp-block-heading\"><strong>Virtual reality applications<\/strong><\/h2>\n\n\n\n<p>Our Virtual Reality solutions are versatile and can be applied in different areas, such as:<\/p>\n\n\n\n<ul class=\"wp-block-list\">\n<li><strong>Corporate trainings: <\/strong>Preparation of teams for specific situations, such as emergencies or complex operations.<\/li>\n\n\n\n<li><strong>Technical capacitation:<\/strong> Development of technical skills in controlled and realistic environments.<\/li>\n\n\n\n<li><strong>Behavioral development: <\/strong>Simulations that help improve soft skills, such as leadership and teamwork.<\/li>\n<\/ul>\n\n\n\n<h2 class=\"wp-block-heading\"><strong>Success stories in virtual reality<\/strong><\/h2>\n\n\n\n<p>Check out our success stories and see how companies from different sectors have benefited from our Virtual Reality solutions. Our projects have proven to have a positive impact on employee performance and safety.<\/p>\n\n\n\n<p class=\"btn-inside-page\"><a href=\"https:\/\/insidetecnologia.com\/en\/cases\/virtual-reality\/\" target=\"_blank\" rel=\"noreferrer noopener\">Discover our cases in Virtual Reality<\/a><\/p>\n\n\n\n<p>Are you prepared to engage your team or customers in an innovative and effective way?&nbsp;<\/p>\n\n\n\n<p>Get in touch with Inside Tecnologia and explore the infinite possibilities that Virtual Reality can offer for the development of your company. Let's innovate together!<\/p>\n\n\n\n<p class=\"btn-inside-page\"><a href=\"https:\/\/insidetecnologia.com\/en\/contact-us\/\">Let's talk.<\/a><\/p>","protected":false},"excerpt":{"rendered":"<p>Improve your team's performance with immersive and safe training in Virtual Reality. Customized solutions that increase knowledge absorption and retention.<\/p>","protected":false},"author":1,"featured_media":789,"parent":0,"menu_order":0,"comment_status":"closed","ping_status":"closed","template":"","meta":{"_acf_changed":false,"content-type":"","_joinchat":[],"footnotes":""},"class_list":["post-9","page","type-page","status-publish","has-post-thumbnail","hentry"],"acf":[],"yoast_head":"<!-- This site is optimized with the Yoast SEO Premium plugin v22.5 (Yoast SEO v27.1.1) - https:\/\/yoast.com\/product\/yoast-seo-premium-wordpress\/ -->\n<title>Realidade Virtual - Inside Tecnologia - Solu\u00e7\u00f5es inovadoras em Realidade Virtual e Gamifica\u00e7\u00e3o<\/title>\n<meta name=\"description\" content=\"Aprimore o desempenho da sua equipe com treinamentos imersivos e seguros em Realidade Virtual. Solu\u00e7\u00f5es personalizadas que aumentam a absor\u00e7\u00e3o e reten\u00e7\u00e3o do conhecimento.\" \/>\n<meta name=\"robots\" content=\"index, follow, max-snippet:-1, max-image-preview:large, max-video-preview:-1\" \/>\n<link rel=\"canonical\" href=\"https:\/\/insidetecnologia.com\/en\/virtual-reality-2\/\" \/>\n<meta property=\"og:locale\" content=\"en_US\" \/>\n<meta property=\"og:type\" content=\"article\" \/>\n<meta property=\"og:title\" content=\"Realidade Virtual - Inside Tecnologia - Solu\u00e7\u00f5es inovadoras em Realidade Virtual e Gamifica\u00e7\u00e3o\" \/>\n<meta property=\"og:description\" content=\"Aprimore o desempenho da sua equipe com treinamentos imersivos e seguros em Realidade Virtual. Solu\u00e7\u00f5es personalizadas que aumentam a absor\u00e7\u00e3o e reten\u00e7\u00e3o do conhecimento. Entre em contato conosco!\" \/>\n<meta property=\"og:url\" content=\"https:\/\/insidetecnologia.com\/en\/virtual-reality-2\/\" \/>\n<meta property=\"og:site_name\" content=\"Inside Tecnologia - Solu\u00e7\u00f5es inovadoras em Realidade Virtual e Gamifica\u00e7\u00e3o\" \/>\n<meta property=\"article:modified_time\" content=\"2024-06-03T19:38:36+00:00\" \/>\n<meta property=\"og:image\" content=\"https:\/\/insidetecnologia.com\/site\/wp-content\/uploads\/2024\/04\/desenho.png\" \/>\n\t<meta property=\"og:image:width\" content=\"490\" \/>\n\t<meta property=\"og:image:height\" content=\"443\" \/>\n\t<meta property=\"og:image:type\" content=\"image\/png\" \/>\n<meta name=\"twitter:card\" content=\"summary_large_image\" \/>\n<meta name=\"twitter:title\" content=\"Realidade Virtual - Inside Tecnologia - Solu\u00e7\u00f5es inovadoras em Realidade Virtual e Gamifica\u00e7\u00e3o\" \/>\n<meta name=\"twitter:description\" content=\"Aprimore o desempenho da sua equipe com treinamentos imersivos e seguros em Realidade Virtual. Solu\u00e7\u00f5es personalizadas que aumentam a absor\u00e7\u00e3o e reten\u00e7\u00e3o do conhecimento. Entre em contato conosco!\" \/>\n<meta name=\"twitter:label1\" content=\"Est. reading time\" \/>\n\t<meta name=\"twitter:data1\" content=\"2 minutes\" \/>\n<script type=\"application\/ld+json\" class=\"yoast-schema-graph\">{\"@context\":\"https:\/\/schema.org\",\"@graph\":[{\"@type\":\"WebPage\",\"@id\":\"https:\/\/insidetecnologia.com\/realidade-virtual\/\",\"url\":\"https:\/\/insidetecnologia.com\/realidade-virtual\/\",\"name\":\"Realidade Virtual - Inside Tecnologia - Solu\u00e7\u00f5es inovadoras em Realidade Virtual e Gamifica\u00e7\u00e3o\",\"isPartOf\":{\"@id\":\"https:\/\/insidetecnologia.com\/#website\"},\"primaryImageOfPage\":{\"@id\":\"https:\/\/insidetecnologia.com\/realidade-virtual\/#primaryimage\"},\"image\":{\"@id\":\"https:\/\/insidetecnologia.com\/realidade-virtual\/#primaryimage\"},\"thumbnailUrl\":\"https:\/\/insidetecnologia.com\/site\/wp-content\/uploads\/2024\/04\/desenho.png\",\"datePublished\":\"2020-06-05T23:57:33+00:00\",\"dateModified\":\"2024-06-03T19:38:36+00:00\",\"description\":\"Aprimore o desempenho da sua equipe com treinamentos imersivos e seguros em Realidade Virtual. Solu\u00e7\u00f5es personalizadas que aumentam a absor\u00e7\u00e3o e reten\u00e7\u00e3o do conhecimento.\",\"breadcrumb\":{\"@id\":\"https:\/\/insidetecnologia.com\/realidade-virtual\/#breadcrumb\"},\"inLanguage\":\"en-US\",\"potentialAction\":[{\"@type\":\"ReadAction\",\"target\":[\"https:\/\/insidetecnologia.com\/realidade-virtual\/\"]}]},{\"@type\":\"ImageObject\",\"inLanguage\":\"en-US\",\"@id\":\"https:\/\/insidetecnologia.com\/realidade-virtual\/#primaryimage\",\"url\":\"https:\/\/insidetecnologia.com\/site\/wp-content\/uploads\/2024\/04\/desenho.png\",\"contentUrl\":\"https:\/\/insidetecnologia.com\/site\/wp-content\/uploads\/2024\/04\/desenho.png\",\"width\":490,\"height\":443},{\"@type\":\"BreadcrumbList\",\"@id\":\"https:\/\/insidetecnologia.com\/realidade-virtual\/#breadcrumb\",\"itemListElement\":[{\"@type\":\"ListItem\",\"position\":1,\"name\":\"In\u00edcio\",\"item\":\"https:\/\/insidetecnologia.com\/\"},{\"@type\":\"ListItem\",\"position\":2,\"name\":\"Realidade Virtual\"}]},{\"@type\":\"WebSite\",\"@id\":\"https:\/\/insidetecnologia.com\/#website\",\"url\":\"https:\/\/insidetecnologia.com\/\",\"name\":\"Inside Tecnologia - Solu\u00e7\u00f5es inovadoras em Realidade Virtual e Gamifica\u00e7\u00e3o\",\"description\":\"Empresa especialista em solu\u00e7\u00f5es criativas e inovadoras em Realidade Virtual e Gamifica\u00e7\u00e3o para aprimoramento do desempenho empresarial.\",\"publisher\":{\"@id\":\"https:\/\/insidetecnologia.com\/#organization\"},\"potentialAction\":[{\"@type\":\"SearchAction\",\"target\":{\"@type\":\"EntryPoint\",\"urlTemplate\":\"https:\/\/insidetecnologia.com\/?s={search_term_string}\"},\"query-input\":{\"@type\":\"PropertyValueSpecification\",\"valueRequired\":true,\"valueName\":\"search_term_string\"}}],\"inLanguage\":\"en-US\"},{\"@type\":[\"Organization\",\"Place\"],\"@id\":\"https:\/\/insidetecnologia.com\/#organization\",\"name\":\"Inside Tecnologia - Solu\u00e7\u00f5es inovadoras em Realidade Virtual e Gamifica\u00e7\u00e3o\",\"alternateName\":\"Inside Tecnologia - Realidade Virtual e Gamifica\u00e7\u00e3o\",\"url\":\"https:\/\/insidetecnologia.com\/\",\"logo\":{\"@id\":\"https:\/\/insidetecnologia.com\/realidade-virtual\/#local-main-organization-logo\"},\"image\":{\"@id\":\"https:\/\/insidetecnologia.com\/realidade-virtual\/#local-main-organization-logo\"},\"sameAs\":[\"https:\/\/www.instagram.com\/inside.tecnologia\/\"],\"description\":\"Empresa especialista em solu\u00e7\u00f5es criativas e inovadoras em Realidade Virtual e Gamifica\u00e7\u00e3o para aprimoramento do desempenho empresarial.\",\"telephone\":[],\"openingHoursSpecification\":[{\"@type\":\"OpeningHoursSpecification\",\"dayOfWeek\":[\"Sunday\",\"Monday\",\"Tuesday\",\"Wednesday\",\"Thursday\",\"Friday\",\"Saturday\"],\"opens\":\"09:00\",\"closes\":\"17:00\"}]},{\"@type\":\"ImageObject\",\"inLanguage\":\"en-US\",\"@id\":\"https:\/\/insidetecnologia.com\/realidade-virtual\/#local-main-organization-logo\",\"url\":\"https:\/\/insidetecnologia.com\/site\/wp-content\/uploads\/2020\/06\/icon_inside_original_t.png\",\"contentUrl\":\"https:\/\/insidetecnologia.com\/site\/wp-content\/uploads\/2020\/06\/icon_inside_original_t.png\",\"width\":512,\"height\":512,\"caption\":\"Inside Tecnologia - Solu\u00e7\u00f5es inovadoras em Realidade Virtual e Gamifica\u00e7\u00e3o\"}]}<\/script>\n<!-- \/ Yoast SEO Premium plugin. -->","yoast_head_json":{"title":"Realidade Virtual - Inside Tecnologia - Solu\u00e7\u00f5es inovadoras em Realidade Virtual e Gamifica\u00e7\u00e3o","description":"Aprimore o desempenho da sua equipe com treinamentos imersivos e seguros em Realidade Virtual. Solu\u00e7\u00f5es personalizadas que aumentam a absor\u00e7\u00e3o e reten\u00e7\u00e3o do conhecimento.","robots":{"index":"index","follow":"follow","max-snippet":"max-snippet:-1","max-image-preview":"max-image-preview:large","max-video-preview":"max-video-preview:-1"},"canonical":"https:\/\/insidetecnologia.com\/en\/virtual-reality-2\/","og_locale":"en_US","og_type":"article","og_title":"Realidade Virtual - Inside Tecnologia - Solu\u00e7\u00f5es inovadoras em Realidade Virtual e Gamifica\u00e7\u00e3o","og_description":"Aprimore o desempenho da sua equipe com treinamentos imersivos e seguros em Realidade Virtual. Solu\u00e7\u00f5es personalizadas que aumentam a absor\u00e7\u00e3o e reten\u00e7\u00e3o do conhecimento. Entre em contato conosco!","og_url":"https:\/\/insidetecnologia.com\/en\/virtual-reality-2\/","og_site_name":"Inside Tecnologia - Solu\u00e7\u00f5es inovadoras em Realidade Virtual e Gamifica\u00e7\u00e3o","article_modified_time":"2024-06-03T19:38:36+00:00","og_image":[{"width":490,"height":443,"url":"https:\/\/insidetecnologia.com\/site\/wp-content\/uploads\/2024\/04\/desenho.png","type":"image\/png"}],"twitter_card":"summary_large_image","twitter_title":"Realidade Virtual - Inside Tecnologia - Solu\u00e7\u00f5es inovadoras em Realidade Virtual e Gamifica\u00e7\u00e3o","twitter_description":"Aprimore o desempenho da sua equipe com treinamentos imersivos e seguros em Realidade Virtual. Solu\u00e7\u00f5es personalizadas que aumentam a absor\u00e7\u00e3o e reten\u00e7\u00e3o do conhecimento. Entre em contato conosco!","twitter_misc":{"Est. reading time":"2 minutes"},"schema":{"@context":"https:\/\/schema.org","@graph":[{"@type":"WebPage","@id":"https:\/\/insidetecnologia.com\/realidade-virtual\/","url":"https:\/\/insidetecnologia.com\/realidade-virtual\/","name":"Realidade Virtual - Inside Tecnologia - Solu\u00e7\u00f5es inovadoras em Realidade Virtual e Gamifica\u00e7\u00e3o","isPartOf":{"@id":"https:\/\/insidetecnologia.com\/#website"},"primaryImageOfPage":{"@id":"https:\/\/insidetecnologia.com\/realidade-virtual\/#primaryimage"},"image":{"@id":"https:\/\/insidetecnologia.com\/realidade-virtual\/#primaryimage"},"thumbnailUrl":"https:\/\/insidetecnologia.com\/site\/wp-content\/uploads\/2024\/04\/desenho.png","datePublished":"2020-06-05T23:57:33+00:00","dateModified":"2024-06-03T19:38:36+00:00","description":"Aprimore o desempenho da sua equipe com treinamentos imersivos e seguros em Realidade Virtual. Solu\u00e7\u00f5es personalizadas que aumentam a absor\u00e7\u00e3o e reten\u00e7\u00e3o do conhecimento.","breadcrumb":{"@id":"https:\/\/insidetecnologia.com\/realidade-virtual\/#breadcrumb"},"inLanguage":"en-US","potentialAction":[{"@type":"ReadAction","target":["https:\/\/insidetecnologia.com\/realidade-virtual\/"]}]},{"@type":"ImageObject","inLanguage":"en-US","@id":"https:\/\/insidetecnologia.com\/realidade-virtual\/#primaryimage","url":"https:\/\/insidetecnologia.com\/site\/wp-content\/uploads\/2024\/04\/desenho.png","contentUrl":"https:\/\/insidetecnologia.com\/site\/wp-content\/uploads\/2024\/04\/desenho.png","width":490,"height":443},{"@type":"BreadcrumbList","@id":"https:\/\/insidetecnologia.com\/realidade-virtual\/#breadcrumb","itemListElement":[{"@type":"ListItem","position":1,"name":"In\u00edcio","item":"https:\/\/insidetecnologia.com\/"},{"@type":"ListItem","position":2,"name":"Realidade Virtual"}]},{"@type":"WebSite","@id":"https:\/\/insidetecnologia.com\/#website","url":"https:\/\/insidetecnologia.com\/","name":"Inside Tecnologia - Solu\u00e7\u00f5es inovadoras em Realidade Virtual e Gamifica\u00e7\u00e3o","description":"Empresa especialista em solu\u00e7\u00f5es criativas e inovadoras em Realidade Virtual e Gamifica\u00e7\u00e3o para aprimoramento do desempenho empresarial.","publisher":{"@id":"https:\/\/insidetecnologia.com\/#organization"},"potentialAction":[{"@type":"SearchAction","target":{"@type":"EntryPoint","urlTemplate":"https:\/\/insidetecnologia.com\/?s={search_term_string}"},"query-input":{"@type":"PropertyValueSpecification","valueRequired":true,"valueName":"search_term_string"}}],"inLanguage":"en-US"},{"@type":["Organization","Place"],"@id":"https:\/\/insidetecnologia.com\/#organization","name":"Inside Tecnologia - Solu\u00e7\u00f5es inovadoras em Realidade Virtual e Gamifica\u00e7\u00e3o","alternateName":"Inside Tecnologia - Realidade Virtual e Gamifica\u00e7\u00e3o","url":"https:\/\/insidetecnologia.com\/","logo":{"@id":"https:\/\/insidetecnologia.com\/realidade-virtual\/#local-main-organization-logo"},"image":{"@id":"https:\/\/insidetecnologia.com\/realidade-virtual\/#local-main-organization-logo"},"sameAs":["https:\/\/www.instagram.com\/inside.tecnologia\/"],"description":"Empresa especialista em solu\u00e7\u00f5es criativas e inovadoras em Realidade Virtual e Gamifica\u00e7\u00e3o para aprimoramento do desempenho empresarial.","telephone":[],"openingHoursSpecification":[{"@type":"OpeningHoursSpecification","dayOfWeek":["Sunday","Monday","Tuesday","Wednesday","Thursday","Friday","Saturday"],"opens":"09:00","closes":"17:00"}]},{"@type":"ImageObject","inLanguage":"en-US","@id":"https:\/\/insidetecnologia.com\/realidade-virtual\/#local-main-organization-logo","url":"https:\/\/insidetecnologia.com\/site\/wp-content\/uploads\/2020\/06\/icon_inside_original_t.png","contentUrl":"https:\/\/insidetecnologia.com\/site\/wp-content\/uploads\/2020\/06\/icon_inside_original_t.png","width":512,"height":512,"caption":"Inside Tecnologia - Solu\u00e7\u00f5es inovadoras em Realidade Virtual e Gamifica\u00e7\u00e3o"}]}},"_links":{"self":[{"href":"https:\/\/insidetecnologia.com\/en\/wp-json\/wp\/v2\/pages\/9","targetHints":{"allow":["GET"]}}],"collection":[{"href":"https:\/\/insidetecnologia.com\/en\/wp-json\/wp\/v2\/pages"}],"about":[{"href":"https:\/\/insidetecnologia.com\/en\/wp-json\/wp\/v2\/types\/page"}],"author":[{"embeddable":true,"href":"https:\/\/insidetecnologia.com\/en\/wp-json\/wp\/v2\/users\/1"}],"replies":[{"embeddable":true,"href":"https:\/\/insidetecnologia.com\/en\/wp-json\/wp\/v2\/comments?post=9"}],"version-history":[{"count":13,"href":"https:\/\/insidetecnologia.com\/en\/wp-json\/wp\/v2\/pages\/9\/revisions"}],"predecessor-version":[{"id":1313,"href":"https:\/\/insidetecnologia.com\/en\/wp-json\/wp\/v2\/pages\/9\/revisions\/1313"}],"wp:featuredmedia":[{"embeddable":true,"href":"https:\/\/insidetecnologia.com\/en\/wp-json\/wp\/v2\/media\/789"}],"wp:attachment":[{"href":"https:\/\/insidetecnologia.com\/en\/wp-json\/wp\/v2\/media?parent=9"}],"curies":[{"name":"wp","href":"https:\/\/api.w.org\/{rel}","templated":true}]}}