{"id":989,"date":"2024-04-25T14:47:54","date_gmt":"2024-04-25T17:47:54","guid":{"rendered":"https:\/\/insidetecnologia.com\/?page_id=989"},"modified":"2024-05-17T11:03:08","modified_gmt":"2024-05-17T14:03:08","slug":"quem-somos","status":"publish","type":"page","link":"https:\/\/insidetecnologia.com\/en\/about-us\/","title":{"rendered":"About Us"},"content":{"rendered":"<p>At Inside Tecnologia, we are passionate about technology and innovation. With a team of multidisciplinary professionals we offer creative solutions that transform the way companies and individuals learn and develop.<\/p>\n\n\n\n<p>Since our founding in 2017, in Vit\u00f3ria, Esp\u00edrito Santo, our purpose has been to help companies and their employees achieve their best performance. We do this through innovative learning solutions, such as Virtual Reality simulators, corporate games and others.<\/p>\n\n\n\n<p>These technologies improve technical skills and foster behavioral growth, preparing professionals for the challenges of an increasingly dynamic world.<\/p>\n\n\n\n<h2 class=\"wp-block-heading\" id=\"h-especializacoes\">Specializations<\/h2>\n\n\n\n<p>We specialize in developing learning solutions using different technologies, such as Virtual Reality, Augmented Reality and Artificial Intelligence. Our focus is on delivering experiences that will define the future of digital learning and interaction.<\/p>\n\n\n\n<h2 class=\"wp-block-heading\" id=\"h-por-que-escolher-a-inside-tecnologia\">Why choose Inside Technology?<\/h2>\n\n\n\n<p>Choosing Inside Tecnologia means choosing a partner that understands the importance of results-oriented technological innovation. Our solutions help shape learning environments that are as engaging as they are educational, ensuring that the expected results, whether in increased productivity or workplace safety, are achieved.<\/p>\n\n\n\n<h2 class=\"wp-block-heading\" id=\"h-venha-conhecer-o-futuro\">Come discover the future<\/h2>\n\n\n\n<p>We invite you to explore the infinite possibilities that Virtual Reality and new technologies offer. Contact us and let's innovate together!<\/p>","protected":false},"excerpt":{"rendered":"<p>Conhe\u00e7a a Inside Tecnologia. Empresa especialista em solu\u00e7\u00f5es criativas e inovadoras em Realidade Virtual e Gamifica\u00e7\u00e3o para aprimoramento do desempenho empresarial. Descubra nossa hist\u00f3ria!<\/p>","protected":false},"author":2,"featured_media":789,"parent":0,"menu_order":0,"comment_status":"closed","ping_status":"closed","template":"","meta":{"_acf_changed":false,"content-type":"","_joinchat":[],"footnotes":""},"class_list":["post-989","page","type-page","status-publish","has-post-thumbnail","hentry"],"acf":[],"yoast_head":"<!-- This site is optimized with the Yoast SEO Premium plugin v22.5 (Yoast SEO v27.1.1) - https:\/\/yoast.com\/product\/yoast-seo-premium-wordpress\/ -->\n<title>Quem Somos - Inside Tecnologia - Solu\u00e7\u00f5es inovadoras em Realidade Virtual e Gamifica\u00e7\u00e3o<\/title>\n<meta name=\"description\" content=\"Conhe\u00e7a a Inside Tecnologia. Empresa especialista em solu\u00e7\u00f5es criativas e inovadoras em Realidade Virtual e Gamifica\u00e7\u00e3o para aprimoramento do desempenho empresarial.\" \/>\n<meta name=\"robots\" content=\"index, follow, max-snippet:-1, max-image-preview:large, max-video-preview:-1\" \/>\n<link rel=\"canonical\" href=\"https:\/\/insidetecnologia.com\/en\/about-us\/\" \/>\n<meta property=\"og:locale\" content=\"en_US\" \/>\n<meta property=\"og:type\" content=\"article\" \/>\n<meta property=\"og:title\" content=\"Quem Somos - Inside Tecnologia - Solu\u00e7\u00f5es inovadoras em Realidade Virtual e Gamifica\u00e7\u00e3o\" \/>\n<meta property=\"og:description\" content=\"Conhe\u00e7a a Inside Tecnologia. Empresa especialista em solu\u00e7\u00f5es criativas e inovadoras em Realidade Virtual e Gamifica\u00e7\u00e3o para aprimoramento do desempenho empresarial. Descubra nossa hist\u00f3ria!\" \/>\n<meta property=\"og:url\" content=\"https:\/\/insidetecnologia.com\/en\/about-us\/\" \/>\n<meta property=\"og:site_name\" content=\"Inside Tecnologia - Solu\u00e7\u00f5es inovadoras em Realidade Virtual e Gamifica\u00e7\u00e3o\" \/>\n<meta property=\"article:modified_time\" content=\"2024-05-17T14:03:08+00:00\" \/>\n<meta property=\"og:image\" content=\"https:\/\/insidetecnologia.com\/site\/wp-content\/uploads\/2024\/04\/desenho.png\" \/>\n\t<meta property=\"og:image:width\" content=\"490\" \/>\n\t<meta property=\"og:image:height\" content=\"443\" \/>\n\t<meta property=\"og:image:type\" content=\"image\/png\" \/>\n<meta name=\"twitter:card\" content=\"summary_large_image\" \/>\n<meta name=\"twitter:title\" content=\"Quem Somos - Inside Tecnologia - Solu\u00e7\u00f5es inovadoras em Realidade Virtual e Gamifica\u00e7\u00e3o\" \/>\n<meta name=\"twitter:description\" content=\"Conhe\u00e7a a Inside Tecnologia. Empresa especialista em solu\u00e7\u00f5es criativas e inovadoras em Realidade Virtual e Gamifica\u00e7\u00e3o para aprimoramento do desempenho empresarial. Descubra nossa hist\u00f3ria!\" \/>\n<meta name=\"twitter:label1\" content=\"Est. reading time\" \/>\n\t<meta name=\"twitter:data1\" content=\"2 minutes\" \/>\n<script type=\"application\/ld+json\" class=\"yoast-schema-graph\">{\"@context\":\"https:\/\/schema.org\",\"@graph\":[{\"@type\":\"WebPage\",\"@id\":\"https:\/\/insidetecnologia.com\/quem-somos\/\",\"url\":\"https:\/\/insidetecnologia.com\/quem-somos\/\",\"name\":\"Quem Somos - Inside Tecnologia - Solu\u00e7\u00f5es inovadoras em Realidade Virtual e Gamifica\u00e7\u00e3o\",\"isPartOf\":{\"@id\":\"https:\/\/insidetecnologia.com\/#website\"},\"primaryImageOfPage\":{\"@id\":\"https:\/\/insidetecnologia.com\/quem-somos\/#primaryimage\"},\"image\":{\"@id\":\"https:\/\/insidetecnologia.com\/quem-somos\/#primaryimage\"},\"thumbnailUrl\":\"https:\/\/insidetecnologia.com\/site\/wp-content\/uploads\/2024\/04\/desenho.png\",\"datePublished\":\"2024-04-25T17:47:54+00:00\",\"dateModified\":\"2024-05-17T14:03:08+00:00\",\"description\":\"Conhe\u00e7a a Inside Tecnologia. Empresa especialista em solu\u00e7\u00f5es criativas e inovadoras em Realidade Virtual e Gamifica\u00e7\u00e3o para aprimoramento do desempenho empresarial.\",\"breadcrumb\":{\"@id\":\"https:\/\/insidetecnologia.com\/quem-somos\/#breadcrumb\"},\"inLanguage\":\"en-US\",\"potentialAction\":[{\"@type\":\"ReadAction\",\"target\":[\"https:\/\/insidetecnologia.com\/quem-somos\/\"]}]},{\"@type\":\"ImageObject\",\"inLanguage\":\"en-US\",\"@id\":\"https:\/\/insidetecnologia.com\/quem-somos\/#primaryimage\",\"url\":\"https:\/\/insidetecnologia.com\/site\/wp-content\/uploads\/2024\/04\/desenho.png\",\"contentUrl\":\"https:\/\/insidetecnologia.com\/site\/wp-content\/uploads\/2024\/04\/desenho.png\",\"width\":490,\"height\":443},{\"@type\":\"BreadcrumbList\",\"@id\":\"https:\/\/insidetecnologia.com\/quem-somos\/#breadcrumb\",\"itemListElement\":[{\"@type\":\"ListItem\",\"position\":1,\"name\":\"In\u00edcio\",\"item\":\"https:\/\/insidetecnologia.com\/\"},{\"@type\":\"ListItem\",\"position\":2,\"name\":\"Quem Somos\"}]},{\"@type\":\"WebSite\",\"@id\":\"https:\/\/insidetecnologia.com\/#website\",\"url\":\"https:\/\/insidetecnologia.com\/\",\"name\":\"Inside Tecnologia - Solu\u00e7\u00f5es inovadoras em Realidade Virtual e Gamifica\u00e7\u00e3o\",\"description\":\"Empresa especialista em solu\u00e7\u00f5es criativas e inovadoras em Realidade Virtual e Gamifica\u00e7\u00e3o para aprimoramento do desempenho empresarial.\",\"publisher\":{\"@id\":\"https:\/\/insidetecnologia.com\/#organization\"},\"potentialAction\":[{\"@type\":\"SearchAction\",\"target\":{\"@type\":\"EntryPoint\",\"urlTemplate\":\"https:\/\/insidetecnologia.com\/?s={search_term_string}\"},\"query-input\":{\"@type\":\"PropertyValueSpecification\",\"valueRequired\":true,\"valueName\":\"search_term_string\"}}],\"inLanguage\":\"en-US\"},{\"@type\":[\"Organization\",\"Place\"],\"@id\":\"https:\/\/insidetecnologia.com\/#organization\",\"name\":\"Inside Tecnologia - Solu\u00e7\u00f5es inovadoras em Realidade Virtual e Gamifica\u00e7\u00e3o\",\"alternateName\":\"Inside Tecnologia - Realidade Virtual e Gamifica\u00e7\u00e3o\",\"url\":\"https:\/\/insidetecnologia.com\/\",\"logo\":{\"@id\":\"https:\/\/insidetecnologia.com\/quem-somos\/#local-main-organization-logo\"},\"image\":{\"@id\":\"https:\/\/insidetecnologia.com\/quem-somos\/#local-main-organization-logo\"},\"sameAs\":[\"https:\/\/www.instagram.com\/inside.tecnologia\/\"],\"description\":\"Empresa especialista em solu\u00e7\u00f5es criativas e inovadoras em Realidade Virtual e Gamifica\u00e7\u00e3o para aprimoramento do desempenho empresarial.\",\"telephone\":[],\"openingHoursSpecification\":[{\"@type\":\"OpeningHoursSpecification\",\"dayOfWeek\":[\"Sunday\",\"Monday\",\"Tuesday\",\"Wednesday\",\"Thursday\",\"Friday\",\"Saturday\"],\"opens\":\"09:00\",\"closes\":\"17:00\"}]},{\"@type\":\"ImageObject\",\"inLanguage\":\"en-US\",\"@id\":\"https:\/\/insidetecnologia.com\/quem-somos\/#local-main-organization-logo\",\"url\":\"https:\/\/insidetecnologia.com\/site\/wp-content\/uploads\/2020\/06\/icon_inside_original_t.png\",\"contentUrl\":\"https:\/\/insidetecnologia.com\/site\/wp-content\/uploads\/2020\/06\/icon_inside_original_t.png\",\"width\":512,\"height\":512,\"caption\":\"Inside Tecnologia - Solu\u00e7\u00f5es inovadoras em Realidade Virtual e Gamifica\u00e7\u00e3o\"}]}<\/script>\n<!-- \/ Yoast SEO Premium plugin. -->","yoast_head_json":{"title":"Quem Somos - Inside Tecnologia - Solu\u00e7\u00f5es inovadoras em Realidade Virtual e Gamifica\u00e7\u00e3o","description":"Conhe\u00e7a a Inside Tecnologia. Empresa especialista em solu\u00e7\u00f5es criativas e inovadoras em Realidade Virtual e Gamifica\u00e7\u00e3o para aprimoramento do desempenho empresarial.","robots":{"index":"index","follow":"follow","max-snippet":"max-snippet:-1","max-image-preview":"max-image-preview:large","max-video-preview":"max-video-preview:-1"},"canonical":"https:\/\/insidetecnologia.com\/en\/about-us\/","og_locale":"en_US","og_type":"article","og_title":"Quem Somos - Inside Tecnologia - Solu\u00e7\u00f5es inovadoras em Realidade Virtual e Gamifica\u00e7\u00e3o","og_description":"Conhe\u00e7a a Inside Tecnologia. Empresa especialista em solu\u00e7\u00f5es criativas e inovadoras em Realidade Virtual e Gamifica\u00e7\u00e3o para aprimoramento do desempenho empresarial. Descubra nossa hist\u00f3ria!","og_url":"https:\/\/insidetecnologia.com\/en\/about-us\/","og_site_name":"Inside Tecnologia - Solu\u00e7\u00f5es inovadoras em Realidade Virtual e Gamifica\u00e7\u00e3o","article_modified_time":"2024-05-17T14:03:08+00:00","og_image":[{"width":490,"height":443,"url":"https:\/\/insidetecnologia.com\/site\/wp-content\/uploads\/2024\/04\/desenho.png","type":"image\/png"}],"twitter_card":"summary_large_image","twitter_title":"Quem Somos - Inside Tecnologia - Solu\u00e7\u00f5es inovadoras em Realidade Virtual e Gamifica\u00e7\u00e3o","twitter_description":"Conhe\u00e7a a Inside Tecnologia. Empresa especialista em solu\u00e7\u00f5es criativas e inovadoras em Realidade Virtual e Gamifica\u00e7\u00e3o para aprimoramento do desempenho empresarial. Descubra nossa hist\u00f3ria!","twitter_misc":{"Est. reading time":"2 minutes"},"schema":{"@context":"https:\/\/schema.org","@graph":[{"@type":"WebPage","@id":"https:\/\/insidetecnologia.com\/quem-somos\/","url":"https:\/\/insidetecnologia.com\/quem-somos\/","name":"Quem Somos - Inside Tecnologia - Solu\u00e7\u00f5es inovadoras em Realidade Virtual e Gamifica\u00e7\u00e3o","isPartOf":{"@id":"https:\/\/insidetecnologia.com\/#website"},"primaryImageOfPage":{"@id":"https:\/\/insidetecnologia.com\/quem-somos\/#primaryimage"},"image":{"@id":"https:\/\/insidetecnologia.com\/quem-somos\/#primaryimage"},"thumbnailUrl":"https:\/\/insidetecnologia.com\/site\/wp-content\/uploads\/2024\/04\/desenho.png","datePublished":"2024-04-25T17:47:54+00:00","dateModified":"2024-05-17T14:03:08+00:00","description":"Conhe\u00e7a a Inside Tecnologia. Empresa especialista em solu\u00e7\u00f5es criativas e inovadoras em Realidade Virtual e Gamifica\u00e7\u00e3o para aprimoramento do desempenho empresarial.","breadcrumb":{"@id":"https:\/\/insidetecnologia.com\/quem-somos\/#breadcrumb"},"inLanguage":"en-US","potentialAction":[{"@type":"ReadAction","target":["https:\/\/insidetecnologia.com\/quem-somos\/"]}]},{"@type":"ImageObject","inLanguage":"en-US","@id":"https:\/\/insidetecnologia.com\/quem-somos\/#primaryimage","url":"https:\/\/insidetecnologia.com\/site\/wp-content\/uploads\/2024\/04\/desenho.png","contentUrl":"https:\/\/insidetecnologia.com\/site\/wp-content\/uploads\/2024\/04\/desenho.png","width":490,"height":443},{"@type":"BreadcrumbList","@id":"https:\/\/insidetecnologia.com\/quem-somos\/#breadcrumb","itemListElement":[{"@type":"ListItem","position":1,"name":"In\u00edcio","item":"https:\/\/insidetecnologia.com\/"},{"@type":"ListItem","position":2,"name":"Quem Somos"}]},{"@type":"WebSite","@id":"https:\/\/insidetecnologia.com\/#website","url":"https:\/\/insidetecnologia.com\/","name":"Inside Tecnologia - Solu\u00e7\u00f5es inovadoras em Realidade Virtual e Gamifica\u00e7\u00e3o","description":"Empresa especialista em solu\u00e7\u00f5es criativas e inovadoras em Realidade Virtual e Gamifica\u00e7\u00e3o para aprimoramento do desempenho empresarial.","publisher":{"@id":"https:\/\/insidetecnologia.com\/#organization"},"potentialAction":[{"@type":"SearchAction","target":{"@type":"EntryPoint","urlTemplate":"https:\/\/insidetecnologia.com\/?s={search_term_string}"},"query-input":{"@type":"PropertyValueSpecification","valueRequired":true,"valueName":"search_term_string"}}],"inLanguage":"en-US"},{"@type":["Organization","Place"],"@id":"https:\/\/insidetecnologia.com\/#organization","name":"Inside Tecnologia - Solu\u00e7\u00f5es inovadoras em Realidade Virtual e Gamifica\u00e7\u00e3o","alternateName":"Inside Tecnologia - Realidade Virtual e Gamifica\u00e7\u00e3o","url":"https:\/\/insidetecnologia.com\/","logo":{"@id":"https:\/\/insidetecnologia.com\/quem-somos\/#local-main-organization-logo"},"image":{"@id":"https:\/\/insidetecnologia.com\/quem-somos\/#local-main-organization-logo"},"sameAs":["https:\/\/www.instagram.com\/inside.tecnologia\/"],"description":"Empresa especialista em solu\u00e7\u00f5es criativas e inovadoras em Realidade Virtual e Gamifica\u00e7\u00e3o para aprimoramento do desempenho empresarial.","telephone":[],"openingHoursSpecification":[{"@type":"OpeningHoursSpecification","dayOfWeek":["Sunday","Monday","Tuesday","Wednesday","Thursday","Friday","Saturday"],"opens":"09:00","closes":"17:00"}]},{"@type":"ImageObject","inLanguage":"en-US","@id":"https:\/\/insidetecnologia.com\/quem-somos\/#local-main-organization-logo","url":"https:\/\/insidetecnologia.com\/site\/wp-content\/uploads\/2020\/06\/icon_inside_original_t.png","contentUrl":"https:\/\/insidetecnologia.com\/site\/wp-content\/uploads\/2020\/06\/icon_inside_original_t.png","width":512,"height":512,"caption":"Inside Tecnologia - Solu\u00e7\u00f5es inovadoras em Realidade Virtual e Gamifica\u00e7\u00e3o"}]}},"_links":{"self":[{"href":"https:\/\/insidetecnologia.com\/en\/wp-json\/wp\/v2\/pages\/989","targetHints":{"allow":["GET"]}}],"collection":[{"href":"https:\/\/insidetecnologia.com\/en\/wp-json\/wp\/v2\/pages"}],"about":[{"href":"https:\/\/insidetecnologia.com\/en\/wp-json\/wp\/v2\/types\/page"}],"author":[{"embeddable":true,"href":"https:\/\/insidetecnologia.com\/en\/wp-json\/wp\/v2\/users\/2"}],"replies":[{"embeddable":true,"href":"https:\/\/insidetecnologia.com\/en\/wp-json\/wp\/v2\/comments?post=989"}],"version-history":[{"count":7,"href":"https:\/\/insidetecnologia.com\/en\/wp-json\/wp\/v2\/pages\/989\/revisions"}],"predecessor-version":[{"id":1264,"href":"https:\/\/insidetecnologia.com\/en\/wp-json\/wp\/v2\/pages\/989\/revisions\/1264"}],"wp:featuredmedia":[{"embeddable":true,"href":"https:\/\/insidetecnologia.com\/en\/wp-json\/wp\/v2\/media\/789"}],"wp:attachment":[{"href":"https:\/\/insidetecnologia.com\/en\/wp-json\/wp\/v2\/media?parent=989"}],"curies":[{"name":"wp","href":"https:\/\/api.w.org\/{rel}","templated":true}]}}